{"id":784,"date":"2020-02-11T19:07:06","date_gmt":"2020-02-11T19:07:06","guid":{"rendered":"http:\/\/www.csc-sask.ca\/?page_id=784"},"modified":"2020-03-12T16:50:12","modified_gmt":"2020-03-12T16:50:12","slug":"programme-de-visites-dentraineurs","status":"publish","type":"page","link":"https:\/\/www.csc-sask.sasksport.ca\/fr\/pour-les-entraineurs\/programme-de-visites-dentraineurs\/","title":{"rendered":"Programme de visites d\u2019entra\u00eeneurs"},"content":{"rendered":"\n<h4 class=\"wp-block-heading\"><strong>Visitation Programme de visites d\u2019entra\u00eeneurs<\/strong><\/h4>\n\n\n\n<p>Le programme de visites d\u2019entra\u00eeneurs du Centre canadien multisport de la Saskatchewan est con\u00e7u pour permettre aux organismes provinciaux de sport et aux entra\u00eeneurs de haut niveau de collaborer et d\u2019apprendre aupr\u00e8s d\u2019entra\u00eeneurs nationaux ou d\u2019experts dans un contexte de comp\u00e9tition ou de clinique, en Saskatchewan. <\/p>\n\n\n\n<p>Le programme permet de recevoir jusqu\u2019\u00e0 750&nbsp;$ une fois par exercice financier et par organisme provincial de sport.<\/p>\n\n\n\n<p><strong>Crit\u00e8res d\u2019admissibilit\u00e9<\/strong><br>Pour \u00eatre admissible au programme de visites d\u2019entra\u00eeneurs, un entra\u00eeneur national ou un expert de l\u2019entra\u00eenement doit d\u00e9j\u00e0 pr\u00e9voir se rendre en Saskatchewan pour un camp d\u2019entra\u00eenement, une comp\u00e9tition ou une clinique d\u2019entra\u00eenement. <\/p>\n\n\n\n<p><strong>Processus de demande<br><\/strong>Les organismes provinciaux de sport doivent faire une demande aupr\u00e8s du Centre canadien multisport de la Saskatchewan au moins 30&nbsp;jours avant la date de la visite, d\u00e9crivant&nbsp;:<\/p>\n\n\n\n<ul class=\"wp-block-list\"><li>les objectifs du programme de visites;<\/li><li>les dates de la comp\u00e9tition, du camp d\u2019entra\u00eenement ou de la clinique faisant appel \u00e0 l\u2019entra\u00eeneur national ou l\u2019expert;&nbsp;<\/li><li>le budget, incluant les revenus, les d\u00e9penses et le montant demand\u00e9;<\/li><li>la liste des entra\u00eeneurs nationaux ou des experts de l\u2019entra\u00eenement qui participeront et les apprentissages pr\u00e9vus lors de la clinique.<\/li><\/ul>\n\n\n\n<p>Apr\u00e8s la visite, l\u2019organisme provincial de sport doit&nbsp;:<\/p>\n\n\n\n<ul class=\"wp-block-list\"><li>Fournir aux entra\u00eeneurs qui ont particip\u00e9 un formulaire d\u2019\u00e9valuation et faire parvenir les formulaires d\u00fbment remplis au Centre canadien multisport de la Saskatchewan;<\/li><li>Remplir un rapport post-visite du Centre canadien multisport de la Saskatchewan. Le rapport sera envoy\u00e9 avec la lettre d\u2019acceptation.<\/li><\/ul>\n\n\n\n<p><strong>Approbation<\/strong><\/p>\n\n\n\n<p>Si la demande est approuv\u00e9e, le Centre canadien multisport de la Saskatchewan fournira de l\u2019aide financi\u00e8re pour compenser les co\u00fbts associ\u00e9s \u00e0 l\u2019organisation de cliniques suppl\u00e9mentaires. <\/p>\n\n\n\n<p>D\u00e9penses admissibles&nbsp;:<\/p>\n\n\n\n<ul class=\"wp-block-list\"><li>h\u00e9bergement suppl\u00e9mentaire,<\/li><li>indemnit\u00e9s quotidiennes,<\/li><li>honoraires,<\/li><li>location de salle ou d\u2019installations.<\/li><\/ul>\n\n\n\n<p>D\u00e9penses inadmissibles<strong>&nbsp;: <\/strong><\/p>\n\n\n\n<ul class=\"wp-block-list\"><li>vols internationaux,<\/li><li>salaire perdu ou r\u00e9mun\u00e9ration pour le cong\u00e9 de travail,<\/li><li>alcool.<\/li><\/ul>\n\n\n\n    <a class=\"btn black \" href=\"http:\/\/www.csc-sask.ca\/fr\/pour-les-entraineurs\/programme-de-visites-dentraineurs-forme\/\" target=\"_self\">\n      <span>Appliquer<\/span>\n    <\/a>\n\n\n\n<p><br><\/p>\n","protected":false},"excerpt":{"rendered":"<p>Visitation Programme de visites d\u2019entra\u00eeneurs Le programme de visites d\u2019entra\u00eeneurs du Centre canadien multisport de la Saskatchewan est con\u00e7u pour permettre aux organismes provinciaux de sport et aux entra\u00eeneurs de haut niveau de collaborer et d\u2019apprendre aupr\u00e8s d\u2019entra\u00eeneurs nationaux ou d\u2019experts dans un contexte de comp\u00e9tition ou de clinique, en Saskatchewan. Le programme permet de [&hellip;]<\/p>\n","protected":false},"author":2,"featured_media":0,"parent":776,"menu_order":0,"comment_status":"closed","ping_status":"closed","template":"","meta":{"_acf_changed":false,"footnotes":""},"class_list":["post-784","page","type-page","status-publish","hentry"],"acf":[],"yoast_head":"<!-- This site is optimized with the Yoast SEO plugin v27.4 - https:\/\/yoast.com\/product\/yoast-seo-wordpress\/ -->\n<title>Programme de visites d\u2019entra\u00eeneurs - Canadian Sport Centre Saskatchewan<\/title>\n<meta name=\"robots\" content=\"index, follow, max-snippet:-1, max-image-preview:large, max-video-preview:-1\" \/>\n<link rel=\"canonical\" href=\"https:\/\/www.csc-sask.sasksport.ca\/for-coaches\/coach-visitation-program\/\" \/>\n<meta property=\"og:locale\" content=\"fr_FR\" \/>\n<meta property=\"og:type\" content=\"article\" \/>\n<meta property=\"og:title\" content=\"Programme de visites d\u2019entra\u00eeneurs - Canadian Sport Centre Saskatchewan\" \/>\n<meta property=\"og:description\" content=\"Visitation Programme de visites d\u2019entra\u00eeneurs Le programme de visites d\u2019entra\u00eeneurs du Centre canadien multisport de la Saskatchewan est con\u00e7u pour permettre aux organismes provinciaux de sport et aux entra\u00eeneurs de haut niveau de collaborer et d\u2019apprendre aupr\u00e8s d\u2019entra\u00eeneurs nationaux ou d\u2019experts dans un contexte de comp\u00e9tition ou de clinique, en Saskatchewan. Le programme permet de [&hellip;]\" \/>\n<meta property=\"og:url\" content=\"https:\/\/www.csc-sask.sasksport.ca\/for-coaches\/coach-visitation-program\/\" \/>\n<meta property=\"og:site_name\" content=\"Canadian Sport Centre Saskatchewan\" \/>\n<meta property=\"article:modified_time\" content=\"2020-03-12T16:50:12+00:00\" \/>\n<meta property=\"og:image\" content=\"https:\/\/www.csc-sask.ca\/wp-content\/uploads\/2020\/01\/ogimagecscs.jpg\" \/>\n\t<meta property=\"og:image:width\" content=\"1200\" \/>\n\t<meta property=\"og:image:height\" content=\"675\" \/>\n\t<meta property=\"og:image:type\" content=\"image\/jpeg\" \/>\n<meta name=\"twitter:card\" content=\"summary_large_image\" \/>\n<meta name=\"twitter:label1\" content=\"Dur\u00e9e de lecture estim\u00e9e\" \/>\n\t<meta name=\"twitter:data1\" content=\"2 minutes\" \/>\n<script type=\"application\/ld+json\" class=\"yoast-schema-graph\">{\"@context\":\"https:\\\/\\\/schema.org\",\"@graph\":[{\"@type\":\"WebPage\",\"@id\":\"https:\\\/\\\/www.csc-sask.sasksport.ca\\\/for-coaches\\\/coach-visitation-program\\\/\",\"url\":\"https:\\\/\\\/www.csc-sask.sasksport.ca\\\/for-coaches\\\/coach-visitation-program\\\/\",\"name\":\"Programme de visites d\u2019entra\u00eeneurs - Canadian Sport Centre Saskatchewan\",\"isPartOf\":{\"@id\":\"https:\\\/\\\/www.csc-sask.sasksport.ca\\\/#website\"},\"datePublished\":\"2020-02-11T19:07:06+00:00\",\"dateModified\":\"2020-03-12T16:50:12+00:00\",\"breadcrumb\":{\"@id\":\"https:\\\/\\\/www.csc-sask.sasksport.ca\\\/for-coaches\\\/coach-visitation-program\\\/#breadcrumb\"},\"inLanguage\":\"fr-FR\",\"potentialAction\":[{\"@type\":\"ReadAction\",\"target\":[\"https:\\\/\\\/www.csc-sask.sasksport.ca\\\/for-coaches\\\/coach-visitation-program\\\/\"]}]},{\"@type\":\"BreadcrumbList\",\"@id\":\"https:\\\/\\\/www.csc-sask.sasksport.ca\\\/for-coaches\\\/coach-visitation-program\\\/#breadcrumb\",\"itemListElement\":[{\"@type\":\"ListItem\",\"position\":1,\"name\":\"Home\",\"item\":\"https:\\\/\\\/www.csc-sask.ca\\\/fr\\\/\"},{\"@type\":\"ListItem\",\"position\":2,\"name\":\"Pour les entra\u00eeneurs\",\"item\":\"https:\\\/\\\/www.csc-sask.ca\\\/for-coaches\\\/\"},{\"@type\":\"ListItem\",\"position\":3,\"name\":\"Programme de visites d\u2019entra\u00eeneurs\"}]},{\"@type\":\"WebSite\",\"@id\":\"https:\\\/\\\/www.csc-sask.sasksport.ca\\\/#website\",\"url\":\"https:\\\/\\\/www.csc-sask.sasksport.ca\\\/\",\"name\":\"Canadian Sport Centre Saskatchewan\",\"description\":\"\",\"potentialAction\":[{\"@type\":\"SearchAction\",\"target\":{\"@type\":\"EntryPoint\",\"urlTemplate\":\"https:\\\/\\\/www.csc-sask.sasksport.ca\\\/?s={search_term_string}\"},\"query-input\":{\"@type\":\"PropertyValueSpecification\",\"valueRequired\":true,\"valueName\":\"search_term_string\"}}],\"inLanguage\":\"fr-FR\"}]}<\/script>\n<!-- \/ Yoast SEO plugin. -->","yoast_head_json":{"title":"Programme de visites d\u2019entra\u00eeneurs - Canadian Sport Centre Saskatchewan","robots":{"index":"index","follow":"follow","max-snippet":"max-snippet:-1","max-image-preview":"max-image-preview:large","max-video-preview":"max-video-preview:-1"},"canonical":"https:\/\/www.csc-sask.sasksport.ca\/for-coaches\/coach-visitation-program\/","og_locale":"fr_FR","og_type":"article","og_title":"Programme de visites d\u2019entra\u00eeneurs - Canadian Sport Centre Saskatchewan","og_description":"Visitation Programme de visites d\u2019entra\u00eeneurs Le programme de visites d\u2019entra\u00eeneurs du Centre canadien multisport de la Saskatchewan est con\u00e7u pour permettre aux organismes provinciaux de sport et aux entra\u00eeneurs de haut niveau de collaborer et d\u2019apprendre aupr\u00e8s d\u2019entra\u00eeneurs nationaux ou d\u2019experts dans un contexte de comp\u00e9tition ou de clinique, en Saskatchewan. Le programme permet de [&hellip;]","og_url":"https:\/\/www.csc-sask.sasksport.ca\/for-coaches\/coach-visitation-program\/","og_site_name":"Canadian Sport Centre Saskatchewan","article_modified_time":"2020-03-12T16:50:12+00:00","og_image":[{"width":1200,"height":675,"url":"https:\/\/www.csc-sask.ca\/wp-content\/uploads\/2020\/01\/ogimagecscs.jpg","type":"image\/jpeg"}],"twitter_card":"summary_large_image","twitter_misc":{"Dur\u00e9e de lecture estim\u00e9e":"2 minutes"},"schema":{"@context":"https:\/\/schema.org","@graph":[{"@type":"WebPage","@id":"https:\/\/www.csc-sask.sasksport.ca\/for-coaches\/coach-visitation-program\/","url":"https:\/\/www.csc-sask.sasksport.ca\/for-coaches\/coach-visitation-program\/","name":"Programme de visites d\u2019entra\u00eeneurs - Canadian Sport Centre Saskatchewan","isPartOf":{"@id":"https:\/\/www.csc-sask.sasksport.ca\/#website"},"datePublished":"2020-02-11T19:07:06+00:00","dateModified":"2020-03-12T16:50:12+00:00","breadcrumb":{"@id":"https:\/\/www.csc-sask.sasksport.ca\/for-coaches\/coach-visitation-program\/#breadcrumb"},"inLanguage":"fr-FR","potentialAction":[{"@type":"ReadAction","target":["https:\/\/www.csc-sask.sasksport.ca\/for-coaches\/coach-visitation-program\/"]}]},{"@type":"BreadcrumbList","@id":"https:\/\/www.csc-sask.sasksport.ca\/for-coaches\/coach-visitation-program\/#breadcrumb","itemListElement":[{"@type":"ListItem","position":1,"name":"Home","item":"https:\/\/www.csc-sask.ca\/fr\/"},{"@type":"ListItem","position":2,"name":"Pour les entra\u00eeneurs","item":"https:\/\/www.csc-sask.ca\/for-coaches\/"},{"@type":"ListItem","position":3,"name":"Programme de visites d\u2019entra\u00eeneurs"}]},{"@type":"WebSite","@id":"https:\/\/www.csc-sask.sasksport.ca\/#website","url":"https:\/\/www.csc-sask.sasksport.ca\/","name":"Canadian Sport Centre Saskatchewan","description":"","potentialAction":[{"@type":"SearchAction","target":{"@type":"EntryPoint","urlTemplate":"https:\/\/www.csc-sask.sasksport.ca\/?s={search_term_string}"},"query-input":{"@type":"PropertyValueSpecification","valueRequired":true,"valueName":"search_term_string"}}],"inLanguage":"fr-FR"}]}},"_links":{"self":[{"href":"https:\/\/www.csc-sask.sasksport.ca\/fr\/wp-json\/wp\/v2\/pages\/784","targetHints":{"allow":["GET"]}}],"collection":[{"href":"https:\/\/www.csc-sask.sasksport.ca\/fr\/wp-json\/wp\/v2\/pages"}],"about":[{"href":"https:\/\/www.csc-sask.sasksport.ca\/fr\/wp-json\/wp\/v2\/types\/page"}],"author":[{"embeddable":true,"href":"https:\/\/www.csc-sask.sasksport.ca\/fr\/wp-json\/wp\/v2\/users\/2"}],"replies":[{"embeddable":true,"href":"https:\/\/www.csc-sask.sasksport.ca\/fr\/wp-json\/wp\/v2\/comments?post=784"}],"version-history":[{"count":10,"href":"https:\/\/www.csc-sask.sasksport.ca\/fr\/wp-json\/wp\/v2\/pages\/784\/revisions"}],"predecessor-version":[{"id":1339,"href":"https:\/\/www.csc-sask.sasksport.ca\/fr\/wp-json\/wp\/v2\/pages\/784\/revisions\/1339"}],"up":[{"embeddable":true,"href":"https:\/\/www.csc-sask.sasksport.ca\/fr\/wp-json\/wp\/v2\/pages\/776"}],"wp:attachment":[{"href":"https:\/\/www.csc-sask.sasksport.ca\/fr\/wp-json\/wp\/v2\/media?parent=784"}],"curies":[{"name":"wp","href":"https:\/\/api.w.org\/{rel}","templated":true}]}}